{"id":2250,"date":"2025-04-09T17:00:44","date_gmt":"2025-04-09T21:00:44","guid":{"rendered":"https:\/\/www.bonairecruisers.com\/new\/servicio\/"},"modified":"2025-08-29T06:25:41","modified_gmt":"2025-08-29T10:25:41","slug":"servicio","status":"publish","type":"page","link":"https:\/\/www.bonairecruisers.com\/es\/servicio\/","title":{"rendered":"Servicio"},"content":{"rendered":"","protected":false},"excerpt":{"rendered":"","protected":false},"author":1,"featured_media":39,"parent":0,"menu_order":500,"comment_status":"closed","ping_status":"closed","template":"","meta":{"_jf_save_progress":"","footnotes":""},"class_list":["post-2250","page","type-page","status-publish","has-post-thumbnail","hentry"],"yoast_head":"<!-- This site is optimized with the Yoast SEO Premium plugin v26.8 (Yoast SEO v27.3) - https:\/\/yoast.com\/product\/yoast-seo-premium-wordpress\/ -->\n<title>Reparaci\u00f3n de carros de golf Bonaire | Bonaire Cruisers<\/title>\n<meta name=\"description\" content=\"Mantenga su carrito de golf funcionando sin problemas en Bonaire. Servicio para carritos el\u00e9ctricos y de gas Yamaha: reparaciones, diagn\u00f3sticos, bater\u00edas y frenos.\" \/>\n<meta name=\"robots\" content=\"index, follow, max-snippet:-1, max-image-preview:large, max-video-preview:-1\" \/>\n<link rel=\"canonical\" href=\"https:\/\/www.bonairecruisers.com\/es\/servicio\/\" \/>\n<meta property=\"og:locale\" content=\"es_ES\" \/>\n<meta property=\"og:type\" content=\"article\" \/>\n<meta property=\"og:title\" content=\"Servicio\" \/>\n<meta property=\"og:description\" content=\"Mantenga su carrito de golf funcionando sin problemas en Bonaire. Servicio para carritos el\u00e9ctricos y de gas Yamaha: reparaciones, diagn\u00f3sticos, bater\u00edas y frenos.\" \/>\n<meta property=\"og:url\" content=\"https:\/\/www.bonairecruisers.com\/es\/servicio\/\" \/>\n<meta property=\"og:site_name\" content=\"Bonaire Cruisers - Golf Rental Bonaire\" \/>\n<meta property=\"article:publisher\" content=\"https:\/\/www.facebook.com\/bonairecruisers\" \/>\n<meta property=\"article:modified_time\" content=\"2025-08-29T10:25:41+00:00\" \/>\n<meta property=\"og:image\" content=\"https:\/\/www.bonairecruisers.com\/stage\/wp-content\/uploads\/2024\/12\/Golf-Cart-Rental-Bonaire.webp\" \/>\n\t<meta property=\"og:image:width\" content=\"1170\" \/>\n\t<meta property=\"og:image:height\" content=\"878\" \/>\n\t<meta property=\"og:image:type\" content=\"image\/webp\" \/>\n<meta name=\"twitter:card\" content=\"summary_large_image\" \/>\n<script type=\"application\/ld+json\" class=\"yoast-schema-graph\">{\"@context\":\"https:\\\/\\\/schema.org\",\"@graph\":[{\"@type\":\"WebPage\",\"@id\":\"https:\\\/\\\/www.bonairecruisers.com\\\/es\\\/servicio\\\/\",\"url\":\"https:\\\/\\\/www.bonairecruisers.com\\\/es\\\/servicio\\\/\",\"name\":\"Reparaci\u00f3n de carros de golf Bonaire | Bonaire Cruisers\",\"isPartOf\":{\"@id\":\"https:\\\/\\\/www.bonairecruisers.com\\\/es\\\/#website\"},\"primaryImageOfPage\":{\"@id\":\"https:\\\/\\\/www.bonairecruisers.com\\\/es\\\/servicio\\\/#primaryimage\"},\"image\":{\"@id\":\"https:\\\/\\\/www.bonairecruisers.com\\\/es\\\/servicio\\\/#primaryimage\"},\"thumbnailUrl\":\"https:\\\/\\\/www.bonairecruisers.com\\\/wp-content\\\/uploads\\\/2024\\\/12\\\/Golf-Cart-Rental-Bonaire.webp\",\"datePublished\":\"2025-04-09T21:00:44+00:00\",\"dateModified\":\"2025-08-29T10:25:41+00:00\",\"description\":\"Mantenga su carrito de golf funcionando sin problemas en Bonaire. Servicio para carritos el\u00e9ctricos y de gas Yamaha: reparaciones, diagn\u00f3sticos, bater\u00edas y frenos.\",\"breadcrumb\":{\"@id\":\"https:\\\/\\\/www.bonairecruisers.com\\\/es\\\/servicio\\\/#breadcrumb\"},\"inLanguage\":\"es\",\"potentialAction\":[{\"@type\":\"ReadAction\",\"target\":[\"https:\\\/\\\/www.bonairecruisers.com\\\/es\\\/servicio\\\/\"]}]},{\"@type\":\"ImageObject\",\"inLanguage\":\"es\",\"@id\":\"https:\\\/\\\/www.bonairecruisers.com\\\/es\\\/servicio\\\/#primaryimage\",\"url\":\"https:\\\/\\\/www.bonairecruisers.com\\\/wp-content\\\/uploads\\\/2024\\\/12\\\/Golf-Cart-Rental-Bonaire.webp\",\"contentUrl\":\"https:\\\/\\\/www.bonairecruisers.com\\\/wp-content\\\/uploads\\\/2024\\\/12\\\/Golf-Cart-Rental-Bonaire.webp\",\"width\":1170,\"height\":878},{\"@type\":\"BreadcrumbList\",\"@id\":\"https:\\\/\\\/www.bonairecruisers.com\\\/es\\\/servicio\\\/#breadcrumb\",\"itemListElement\":[{\"@type\":\"ListItem\",\"position\":1,\"name\":\"Home\",\"item\":\"https:\\\/\\\/www.bonairecruisers.com\\\/es\\\/\"},{\"@type\":\"ListItem\",\"position\":2,\"name\":\"Servicio\"}]},{\"@type\":\"WebSite\",\"@id\":\"https:\\\/\\\/www.bonairecruisers.com\\\/es\\\/#website\",\"url\":\"https:\\\/\\\/www.bonairecruisers.com\\\/es\\\/\",\"name\":\"Bonaire Cruisers - Golf Rental Bonaire\",\"description\":\"The best way to explore Bonaire\",\"publisher\":{\"@id\":\"https:\\\/\\\/www.bonairecruisers.com\\\/es\\\/#organization\"},\"alternateName\":\"Golf Cart Rental Bonaire\",\"potentialAction\":[{\"@type\":\"SearchAction\",\"target\":{\"@type\":\"EntryPoint\",\"urlTemplate\":\"https:\\\/\\\/www.bonairecruisers.com\\\/es\\\/?s={search_term_string}\"},\"query-input\":{\"@type\":\"PropertyValueSpecification\",\"valueRequired\":true,\"valueName\":\"search_term_string\"}}],\"inLanguage\":\"es\"},{\"@type\":\"Organization\",\"@id\":\"https:\\\/\\\/www.bonairecruisers.com\\\/es\\\/#organization\",\"name\":\"Bonaire Cruisers\",\"alternateName\":\"Golf Cart Rental Bonaire\",\"url\":\"https:\\\/\\\/www.bonairecruisers.com\\\/es\\\/\",\"logo\":{\"@type\":\"ImageObject\",\"inLanguage\":\"es\",\"@id\":\"https:\\\/\\\/www.bonairecruisers.com\\\/es\\\/#\\\/schema\\\/logo\\\/image\\\/\",\"url\":\"https:\\\/\\\/www.bonairecruisers.com\\\/wp-content\\\/uploads\\\/2024\\\/12\\\/logo_02_ww_400x1181.png\",\"contentUrl\":\"https:\\\/\\\/www.bonairecruisers.com\\\/wp-content\\\/uploads\\\/2024\\\/12\\\/logo_02_ww_400x1181.png\",\"width\":400,\"height\":118,\"caption\":\"Bonaire Cruisers\"},\"image\":{\"@id\":\"https:\\\/\\\/www.bonairecruisers.com\\\/es\\\/#\\\/schema\\\/logo\\\/image\\\/\"},\"sameAs\":[\"https:\\\/\\\/www.facebook.com\\\/bonairecruisers\",\"https:\\\/\\\/www.instagram.com\\\/bonairecruisers\\\/\"]}]}<\/script>\n<!-- \/ Yoast SEO Premium plugin. -->","yoast_head_json":{"title":"Reparaci\u00f3n de carros de golf Bonaire | Bonaire Cruisers","description":"Mantenga su carrito de golf funcionando sin problemas en Bonaire. Servicio para carritos el\u00e9ctricos y de gas Yamaha: reparaciones, diagn\u00f3sticos, bater\u00edas y frenos.","robots":{"index":"index","follow":"follow","max-snippet":"max-snippet:-1","max-image-preview":"max-image-preview:large","max-video-preview":"max-video-preview:-1"},"canonical":"https:\/\/www.bonairecruisers.com\/es\/servicio\/","og_locale":"es_ES","og_type":"article","og_title":"Servicio","og_description":"Mantenga su carrito de golf funcionando sin problemas en Bonaire. Servicio para carritos el\u00e9ctricos y de gas Yamaha: reparaciones, diagn\u00f3sticos, bater\u00edas y frenos.","og_url":"https:\/\/www.bonairecruisers.com\/es\/servicio\/","og_site_name":"Bonaire Cruisers - Golf Rental Bonaire","article_publisher":"https:\/\/www.facebook.com\/bonairecruisers","article_modified_time":"2025-08-29T10:25:41+00:00","og_image":[{"width":1170,"height":878,"url":"https:\/\/www.bonairecruisers.com\/stage\/wp-content\/uploads\/2024\/12\/Golf-Cart-Rental-Bonaire.webp","type":"image\/webp"}],"twitter_card":"summary_large_image","schema":{"@context":"https:\/\/schema.org","@graph":[{"@type":"WebPage","@id":"https:\/\/www.bonairecruisers.com\/es\/servicio\/","url":"https:\/\/www.bonairecruisers.com\/es\/servicio\/","name":"Reparaci\u00f3n de carros de golf Bonaire | Bonaire Cruisers","isPartOf":{"@id":"https:\/\/www.bonairecruisers.com\/es\/#website"},"primaryImageOfPage":{"@id":"https:\/\/www.bonairecruisers.com\/es\/servicio\/#primaryimage"},"image":{"@id":"https:\/\/www.bonairecruisers.com\/es\/servicio\/#primaryimage"},"thumbnailUrl":"https:\/\/www.bonairecruisers.com\/wp-content\/uploads\/2024\/12\/Golf-Cart-Rental-Bonaire.webp","datePublished":"2025-04-09T21:00:44+00:00","dateModified":"2025-08-29T10:25:41+00:00","description":"Mantenga su carrito de golf funcionando sin problemas en Bonaire. Servicio para carritos el\u00e9ctricos y de gas Yamaha: reparaciones, diagn\u00f3sticos, bater\u00edas y frenos.","breadcrumb":{"@id":"https:\/\/www.bonairecruisers.com\/es\/servicio\/#breadcrumb"},"inLanguage":"es","potentialAction":[{"@type":"ReadAction","target":["https:\/\/www.bonairecruisers.com\/es\/servicio\/"]}]},{"@type":"ImageObject","inLanguage":"es","@id":"https:\/\/www.bonairecruisers.com\/es\/servicio\/#primaryimage","url":"https:\/\/www.bonairecruisers.com\/wp-content\/uploads\/2024\/12\/Golf-Cart-Rental-Bonaire.webp","contentUrl":"https:\/\/www.bonairecruisers.com\/wp-content\/uploads\/2024\/12\/Golf-Cart-Rental-Bonaire.webp","width":1170,"height":878},{"@type":"BreadcrumbList","@id":"https:\/\/www.bonairecruisers.com\/es\/servicio\/#breadcrumb","itemListElement":[{"@type":"ListItem","position":1,"name":"Home","item":"https:\/\/www.bonairecruisers.com\/es\/"},{"@type":"ListItem","position":2,"name":"Servicio"}]},{"@type":"WebSite","@id":"https:\/\/www.bonairecruisers.com\/es\/#website","url":"https:\/\/www.bonairecruisers.com\/es\/","name":"Bonaire Cruisers - Golf Rental Bonaire","description":"The best way to explore Bonaire","publisher":{"@id":"https:\/\/www.bonairecruisers.com\/es\/#organization"},"alternateName":"Golf Cart Rental Bonaire","potentialAction":[{"@type":"SearchAction","target":{"@type":"EntryPoint","urlTemplate":"https:\/\/www.bonairecruisers.com\/es\/?s={search_term_string}"},"query-input":{"@type":"PropertyValueSpecification","valueRequired":true,"valueName":"search_term_string"}}],"inLanguage":"es"},{"@type":"Organization","@id":"https:\/\/www.bonairecruisers.com\/es\/#organization","name":"Bonaire Cruisers","alternateName":"Golf Cart Rental Bonaire","url":"https:\/\/www.bonairecruisers.com\/es\/","logo":{"@type":"ImageObject","inLanguage":"es","@id":"https:\/\/www.bonairecruisers.com\/es\/#\/schema\/logo\/image\/","url":"https:\/\/www.bonairecruisers.com\/wp-content\/uploads\/2024\/12\/logo_02_ww_400x1181.png","contentUrl":"https:\/\/www.bonairecruisers.com\/wp-content\/uploads\/2024\/12\/logo_02_ww_400x1181.png","width":400,"height":118,"caption":"Bonaire Cruisers"},"image":{"@id":"https:\/\/www.bonairecruisers.com\/es\/#\/schema\/logo\/image\/"},"sameAs":["https:\/\/www.facebook.com\/bonairecruisers","https:\/\/www.instagram.com\/bonairecruisers\/"]}]}},"_links":{"self":[{"href":"https:\/\/www.bonairecruisers.com\/es\/wp-json\/wp\/v2\/pages\/2250","targetHints":{"allow":["GET"]}}],"collection":[{"href":"https:\/\/www.bonairecruisers.com\/es\/wp-json\/wp\/v2\/pages"}],"about":[{"href":"https:\/\/www.bonairecruisers.com\/es\/wp-json\/wp\/v2\/types\/page"}],"author":[{"embeddable":true,"href":"https:\/\/www.bonairecruisers.com\/es\/wp-json\/wp\/v2\/users\/1"}],"replies":[{"embeddable":true,"href":"https:\/\/www.bonairecruisers.com\/es\/wp-json\/wp\/v2\/comments?post=2250"}],"version-history":[{"count":1,"href":"https:\/\/www.bonairecruisers.com\/es\/wp-json\/wp\/v2\/pages\/2250\/revisions"}],"predecessor-version":[{"id":2251,"href":"https:\/\/www.bonairecruisers.com\/es\/wp-json\/wp\/v2\/pages\/2250\/revisions\/2251"}],"wp:featuredmedia":[{"embeddable":true,"href":"https:\/\/www.bonairecruisers.com\/es\/wp-json\/wp\/v2\/media\/39"}],"wp:attachment":[{"href":"https:\/\/www.bonairecruisers.com\/es\/wp-json\/wp\/v2\/media?parent=2250"}],"curies":[{"name":"wp","href":"https:\/\/api.w.org\/{rel}","templated":true}]}}