{"id":2249,"date":"2024-12-10T23:58:50","date_gmt":"2024-12-11T03:58:50","guid":{"rendered":"https:\/\/www.bonairecruisers.com\/new\/pongase-en-contacto-con\/"},"modified":"2026-01-24T05:46:58","modified_gmt":"2026-01-24T09:46:58","slug":"pongase-en-contacto-con","status":"publish","type":"page","link":"https:\/\/www.bonairecruisers.com\/es\/pongase-en-contacto-con\/","title":{"rendered":"P\u00f3ngase en contacto con"},"content":{"rendered":"","protected":false},"excerpt":{"rendered":"","protected":false},"author":1,"featured_media":1015,"parent":0,"menu_order":600,"comment_status":"closed","ping_status":"closed","template":"","meta":{"_jf_save_progress":"","footnotes":""},"class_list":["post-2249","page","type-page","status-publish","has-post-thumbnail","hentry"],"yoast_head":"<!-- This site is optimized with the Yoast SEO Premium plugin v26.8 (Yoast SEO v27.3) - https:\/\/yoast.com\/product\/yoast-seo-premium-wordpress\/ -->\n<title>Contacto Bonaire Cruisers - Alquiler y servicio de carritos de golf<\/title>\n<meta name=\"description\" content=\"P\u00f3ngase en contacto con Bonaire Cruisers para alquiler de carritos de golf, servicio o asistencia. P\u00f3ngase en contacto con nosotros hoy mismo para obtener asistencia r\u00e1pida y amable en Bonaire.\" \/>\n<meta name=\"robots\" content=\"index, follow, max-snippet:-1, max-image-preview:large, max-video-preview:-1\" \/>\n<link rel=\"canonical\" href=\"https:\/\/www.bonairecruisers.com\/es\/pongase-en-contacto-con\/\" \/>\n<meta property=\"og:locale\" content=\"es_ES\" \/>\n<meta property=\"og:type\" content=\"article\" \/>\n<meta property=\"og:title\" content=\"P\u00f3ngase en contacto con\" \/>\n<meta property=\"og:description\" content=\"P\u00f3ngase en contacto con Bonaire Cruisers para alquiler de carritos de golf, servicio o asistencia. P\u00f3ngase en contacto con nosotros hoy mismo para obtener asistencia r\u00e1pida y amable en Bonaire.\" \/>\n<meta property=\"og:url\" content=\"https:\/\/www.bonairecruisers.com\/es\/pongase-en-contacto-con\/\" \/>\n<meta property=\"og:site_name\" content=\"Bonaire Cruisers - Golf Rental Bonaire\" \/>\n<meta property=\"article:publisher\" content=\"https:\/\/www.facebook.com\/bonairecruisers\" \/>\n<meta property=\"article:modified_time\" content=\"2026-01-24T09:46:58+00:00\" \/>\n<meta property=\"og:image\" content=\"https:\/\/www.bonairecruisers.com\/wp-content\/uploads\/IMG_6504.jpg\" \/>\n\t<meta property=\"og:image:width\" content=\"1920\" \/>\n\t<meta property=\"og:image:height\" content=\"1280\" \/>\n\t<meta property=\"og:image:type\" content=\"image\/jpeg\" \/>\n<meta name=\"twitter:card\" content=\"summary_large_image\" \/>\n<script type=\"application\/ld+json\" class=\"yoast-schema-graph\">{\"@context\":\"https:\\\/\\\/schema.org\",\"@graph\":[{\"@type\":\"WebPage\",\"@id\":\"https:\\\/\\\/www.bonairecruisers.com\\\/es\\\/pongase-en-contacto-con\\\/\",\"url\":\"https:\\\/\\\/www.bonairecruisers.com\\\/es\\\/pongase-en-contacto-con\\\/\",\"name\":\"Contacto Bonaire Cruisers - Alquiler y servicio de carritos de golf\",\"isPartOf\":{\"@id\":\"https:\\\/\\\/www.bonairecruisers.com\\\/es\\\/#website\"},\"primaryImageOfPage\":{\"@id\":\"https:\\\/\\\/www.bonairecruisers.com\\\/es\\\/pongase-en-contacto-con\\\/#primaryimage\"},\"image\":{\"@id\":\"https:\\\/\\\/www.bonairecruisers.com\\\/es\\\/pongase-en-contacto-con\\\/#primaryimage\"},\"thumbnailUrl\":\"https:\\\/\\\/www.bonairecruisers.com\\\/wp-content\\\/uploads\\\/IMG_6504.jpg\",\"datePublished\":\"2024-12-11T03:58:50+00:00\",\"dateModified\":\"2026-01-24T09:46:58+00:00\",\"description\":\"P\u00f3ngase en contacto con Bonaire Cruisers para alquiler de carritos de golf, servicio o asistencia. P\u00f3ngase en contacto con nosotros hoy mismo para obtener asistencia r\u00e1pida y amable en Bonaire.\",\"breadcrumb\":{\"@id\":\"https:\\\/\\\/www.bonairecruisers.com\\\/es\\\/pongase-en-contacto-con\\\/#breadcrumb\"},\"inLanguage\":\"es\",\"potentialAction\":[{\"@type\":\"ReadAction\",\"target\":[\"https:\\\/\\\/www.bonairecruisers.com\\\/es\\\/pongase-en-contacto-con\\\/\"]}]},{\"@type\":\"ImageObject\",\"inLanguage\":\"es\",\"@id\":\"https:\\\/\\\/www.bonairecruisers.com\\\/es\\\/pongase-en-contacto-con\\\/#primaryimage\",\"url\":\"https:\\\/\\\/www.bonairecruisers.com\\\/wp-content\\\/uploads\\\/IMG_6504.jpg\",\"contentUrl\":\"https:\\\/\\\/www.bonairecruisers.com\\\/wp-content\\\/uploads\\\/IMG_6504.jpg\",\"width\":1920,\"height\":1280,\"caption\":\"Contact Us - Bonaire Cruisers -\"},{\"@type\":\"BreadcrumbList\",\"@id\":\"https:\\\/\\\/www.bonairecruisers.com\\\/es\\\/pongase-en-contacto-con\\\/#breadcrumb\",\"itemListElement\":[{\"@type\":\"ListItem\",\"position\":1,\"name\":\"Home\",\"item\":\"https:\\\/\\\/www.bonairecruisers.com\\\/es\\\/\"},{\"@type\":\"ListItem\",\"position\":2,\"name\":\"P\u00f3ngase en contacto con\"}]},{\"@type\":\"WebSite\",\"@id\":\"https:\\\/\\\/www.bonairecruisers.com\\\/es\\\/#website\",\"url\":\"https:\\\/\\\/www.bonairecruisers.com\\\/es\\\/\",\"name\":\"Bonaire Cruisers - Golf Rental Bonaire\",\"description\":\"The best way to explore Bonaire\",\"publisher\":{\"@id\":\"https:\\\/\\\/www.bonairecruisers.com\\\/es\\\/#organization\"},\"alternateName\":\"Golf Cart Rental Bonaire\",\"potentialAction\":[{\"@type\":\"SearchAction\",\"target\":{\"@type\":\"EntryPoint\",\"urlTemplate\":\"https:\\\/\\\/www.bonairecruisers.com\\\/es\\\/?s={search_term_string}\"},\"query-input\":{\"@type\":\"PropertyValueSpecification\",\"valueRequired\":true,\"valueName\":\"search_term_string\"}}],\"inLanguage\":\"es\"},{\"@type\":\"Organization\",\"@id\":\"https:\\\/\\\/www.bonairecruisers.com\\\/es\\\/#organization\",\"name\":\"Bonaire Cruisers\",\"alternateName\":\"Golf Cart Rental Bonaire\",\"url\":\"https:\\\/\\\/www.bonairecruisers.com\\\/es\\\/\",\"logo\":{\"@type\":\"ImageObject\",\"inLanguage\":\"es\",\"@id\":\"https:\\\/\\\/www.bonairecruisers.com\\\/es\\\/#\\\/schema\\\/logo\\\/image\\\/\",\"url\":\"https:\\\/\\\/www.bonairecruisers.com\\\/wp-content\\\/uploads\\\/2024\\\/12\\\/logo_02_ww_400x1181.png\",\"contentUrl\":\"https:\\\/\\\/www.bonairecruisers.com\\\/wp-content\\\/uploads\\\/2024\\\/12\\\/logo_02_ww_400x1181.png\",\"width\":400,\"height\":118,\"caption\":\"Bonaire Cruisers\"},\"image\":{\"@id\":\"https:\\\/\\\/www.bonairecruisers.com\\\/es\\\/#\\\/schema\\\/logo\\\/image\\\/\"},\"sameAs\":[\"https:\\\/\\\/www.facebook.com\\\/bonairecruisers\",\"https:\\\/\\\/www.instagram.com\\\/bonairecruisers\\\/\"]}]}<\/script>\n<!-- \/ Yoast SEO Premium plugin. -->","yoast_head_json":{"title":"Contacto Bonaire Cruisers - Alquiler y servicio de carritos de golf","description":"P\u00f3ngase en contacto con Bonaire Cruisers para alquiler de carritos de golf, servicio o asistencia. P\u00f3ngase en contacto con nosotros hoy mismo para obtener asistencia r\u00e1pida y amable en Bonaire.","robots":{"index":"index","follow":"follow","max-snippet":"max-snippet:-1","max-image-preview":"max-image-preview:large","max-video-preview":"max-video-preview:-1"},"canonical":"https:\/\/www.bonairecruisers.com\/es\/pongase-en-contacto-con\/","og_locale":"es_ES","og_type":"article","og_title":"P\u00f3ngase en contacto con","og_description":"P\u00f3ngase en contacto con Bonaire Cruisers para alquiler de carritos de golf, servicio o asistencia. P\u00f3ngase en contacto con nosotros hoy mismo para obtener asistencia r\u00e1pida y amable en Bonaire.","og_url":"https:\/\/www.bonairecruisers.com\/es\/pongase-en-contacto-con\/","og_site_name":"Bonaire Cruisers - Golf Rental Bonaire","article_publisher":"https:\/\/www.facebook.com\/bonairecruisers","article_modified_time":"2026-01-24T09:46:58+00:00","og_image":[{"width":1920,"height":1280,"url":"https:\/\/www.bonairecruisers.com\/wp-content\/uploads\/IMG_6504.jpg","type":"image\/jpeg"}],"twitter_card":"summary_large_image","schema":{"@context":"https:\/\/schema.org","@graph":[{"@type":"WebPage","@id":"https:\/\/www.bonairecruisers.com\/es\/pongase-en-contacto-con\/","url":"https:\/\/www.bonairecruisers.com\/es\/pongase-en-contacto-con\/","name":"Contacto Bonaire Cruisers - Alquiler y servicio de carritos de golf","isPartOf":{"@id":"https:\/\/www.bonairecruisers.com\/es\/#website"},"primaryImageOfPage":{"@id":"https:\/\/www.bonairecruisers.com\/es\/pongase-en-contacto-con\/#primaryimage"},"image":{"@id":"https:\/\/www.bonairecruisers.com\/es\/pongase-en-contacto-con\/#primaryimage"},"thumbnailUrl":"https:\/\/www.bonairecruisers.com\/wp-content\/uploads\/IMG_6504.jpg","datePublished":"2024-12-11T03:58:50+00:00","dateModified":"2026-01-24T09:46:58+00:00","description":"P\u00f3ngase en contacto con Bonaire Cruisers para alquiler de carritos de golf, servicio o asistencia. P\u00f3ngase en contacto con nosotros hoy mismo para obtener asistencia r\u00e1pida y amable en Bonaire.","breadcrumb":{"@id":"https:\/\/www.bonairecruisers.com\/es\/pongase-en-contacto-con\/#breadcrumb"},"inLanguage":"es","potentialAction":[{"@type":"ReadAction","target":["https:\/\/www.bonairecruisers.com\/es\/pongase-en-contacto-con\/"]}]},{"@type":"ImageObject","inLanguage":"es","@id":"https:\/\/www.bonairecruisers.com\/es\/pongase-en-contacto-con\/#primaryimage","url":"https:\/\/www.bonairecruisers.com\/wp-content\/uploads\/IMG_6504.jpg","contentUrl":"https:\/\/www.bonairecruisers.com\/wp-content\/uploads\/IMG_6504.jpg","width":1920,"height":1280,"caption":"Contact Us - Bonaire Cruisers -"},{"@type":"BreadcrumbList","@id":"https:\/\/www.bonairecruisers.com\/es\/pongase-en-contacto-con\/#breadcrumb","itemListElement":[{"@type":"ListItem","position":1,"name":"Home","item":"https:\/\/www.bonairecruisers.com\/es\/"},{"@type":"ListItem","position":2,"name":"P\u00f3ngase en contacto con"}]},{"@type":"WebSite","@id":"https:\/\/www.bonairecruisers.com\/es\/#website","url":"https:\/\/www.bonairecruisers.com\/es\/","name":"Bonaire Cruisers - Golf Rental Bonaire","description":"The best way to explore Bonaire","publisher":{"@id":"https:\/\/www.bonairecruisers.com\/es\/#organization"},"alternateName":"Golf Cart Rental Bonaire","potentialAction":[{"@type":"SearchAction","target":{"@type":"EntryPoint","urlTemplate":"https:\/\/www.bonairecruisers.com\/es\/?s={search_term_string}"},"query-input":{"@type":"PropertyValueSpecification","valueRequired":true,"valueName":"search_term_string"}}],"inLanguage":"es"},{"@type":"Organization","@id":"https:\/\/www.bonairecruisers.com\/es\/#organization","name":"Bonaire Cruisers","alternateName":"Golf Cart Rental Bonaire","url":"https:\/\/www.bonairecruisers.com\/es\/","logo":{"@type":"ImageObject","inLanguage":"es","@id":"https:\/\/www.bonairecruisers.com\/es\/#\/schema\/logo\/image\/","url":"https:\/\/www.bonairecruisers.com\/wp-content\/uploads\/2024\/12\/logo_02_ww_400x1181.png","contentUrl":"https:\/\/www.bonairecruisers.com\/wp-content\/uploads\/2024\/12\/logo_02_ww_400x1181.png","width":400,"height":118,"caption":"Bonaire Cruisers"},"image":{"@id":"https:\/\/www.bonairecruisers.com\/es\/#\/schema\/logo\/image\/"},"sameAs":["https:\/\/www.facebook.com\/bonairecruisers","https:\/\/www.instagram.com\/bonairecruisers\/"]}]}},"_links":{"self":[{"href":"https:\/\/www.bonairecruisers.com\/es\/wp-json\/wp\/v2\/pages\/2249","targetHints":{"allow":["GET"]}}],"collection":[{"href":"https:\/\/www.bonairecruisers.com\/es\/wp-json\/wp\/v2\/pages"}],"about":[{"href":"https:\/\/www.bonairecruisers.com\/es\/wp-json\/wp\/v2\/types\/page"}],"author":[{"embeddable":true,"href":"https:\/\/www.bonairecruisers.com\/es\/wp-json\/wp\/v2\/users\/1"}],"replies":[{"embeddable":true,"href":"https:\/\/www.bonairecruisers.com\/es\/wp-json\/wp\/v2\/comments?post=2249"}],"version-history":[{"count":1,"href":"https:\/\/www.bonairecruisers.com\/es\/wp-json\/wp\/v2\/pages\/2249\/revisions"}],"predecessor-version":[{"id":2513,"href":"https:\/\/www.bonairecruisers.com\/es\/wp-json\/wp\/v2\/pages\/2249\/revisions\/2513"}],"wp:featuredmedia":[{"embeddable":true,"href":"https:\/\/www.bonairecruisers.com\/es\/wp-json\/wp\/v2\/media\/1015"}],"wp:attachment":[{"href":"https:\/\/www.bonairecruisers.com\/es\/wp-json\/wp\/v2\/media?parent=2249"}],"curies":[{"name":"wp","href":"https:\/\/api.w.org\/{rel}","templated":true}]}}