{"id":2246,"date":"2025-05-02T07:15:13","date_gmt":"2025-05-02T11:15:13","guid":{"rendered":"https:\/\/www.bonairecruisers.com\/new\/booking\/"},"modified":"2025-08-21T13:01:05","modified_gmt":"2025-08-21T17:01:05","slug":"booking","status":"publish","type":"page","link":"https:\/\/www.bonairecruisers.com\/es\/booking\/","title":{"rendered":"Booking"},"content":{"rendered":"","protected":false},"excerpt":{"rendered":"","protected":false},"author":1,"featured_media":0,"parent":0,"menu_order":900,"comment_status":"closed","ping_status":"closed","template":"","meta":{"_jf_save_progress":"","footnotes":""},"class_list":["post-2246","page","type-page","status-publish","hentry"],"yoast_head":"<!-- This site is optimized with the Yoast SEO Premium plugin v26.8 (Yoast SEO v27.3) - https:\/\/yoast.com\/product\/yoast-seo-premium-wordpress\/ -->\n<title>Reservar alquiler de carros de golf | Recogida c\u00f3moda y carros Premium<\/title>\n<meta name=\"description\" content=\"Reserve su carrito de golf f\u00e1cilmente. Recogida c\u00f3moda cerca del puerto, Yamaha de primera calidad, servicio local con m\u00e1s de 10 a\u00f1os de experiencia.\" \/>\n<meta name=\"robots\" content=\"index, follow, max-snippet:-1, max-image-preview:large, max-video-preview:-1\" \/>\n<link rel=\"canonical\" href=\"https:\/\/www.bonairecruisers.com\/es\/booking\/\" \/>\n<meta property=\"og:locale\" content=\"es_ES\" \/>\n<meta property=\"og:type\" content=\"article\" \/>\n<meta property=\"og:title\" content=\"Booking\" \/>\n<meta property=\"og:description\" content=\"Reserve su carrito de golf f\u00e1cilmente. Recogida c\u00f3moda cerca del puerto, Yamaha de primera calidad, servicio local con m\u00e1s de 10 a\u00f1os de experiencia.\" \/>\n<meta property=\"og:url\" content=\"https:\/\/www.bonairecruisers.com\/es\/booking\/\" \/>\n<meta property=\"og:site_name\" content=\"Bonaire Cruisers - Golf Rental Bonaire\" \/>\n<meta property=\"article:publisher\" content=\"https:\/\/www.facebook.com\/bonairecruisers\" \/>\n<meta property=\"article:modified_time\" content=\"2025-08-21T17:01:05+00:00\" \/>\n<meta property=\"og:image\" content=\"https:\/\/www.bonairecruisers.com\/wp-content\/uploads\/2024\/12\/Golf-Cart-Rental-Bonaire.webp\" \/>\n\t<meta property=\"og:image:width\" content=\"1170\" \/>\n\t<meta property=\"og:image:height\" content=\"878\" \/>\n\t<meta property=\"og:image:type\" content=\"image\/webp\" \/>\n<meta name=\"twitter:card\" content=\"summary_large_image\" \/>\n<script type=\"application\/ld+json\" class=\"yoast-schema-graph\">{\"@context\":\"https:\\\/\\\/schema.org\",\"@graph\":[{\"@type\":\"WebPage\",\"@id\":\"https:\\\/\\\/www.bonairecruisers.com\\\/es\\\/booking\\\/\",\"url\":\"https:\\\/\\\/www.bonairecruisers.com\\\/es\\\/booking\\\/\",\"name\":\"Reservar alquiler de carros de golf | Recogida c\u00f3moda y carros Premium\",\"isPartOf\":{\"@id\":\"https:\\\/\\\/www.bonairecruisers.com\\\/es\\\/#website\"},\"datePublished\":\"2025-05-02T11:15:13+00:00\",\"dateModified\":\"2025-08-21T17:01:05+00:00\",\"description\":\"Reserve su carrito de golf f\u00e1cilmente. Recogida c\u00f3moda cerca del puerto, Yamaha de primera calidad, servicio local con m\u00e1s de 10 a\u00f1os de experiencia.\",\"breadcrumb\":{\"@id\":\"https:\\\/\\\/www.bonairecruisers.com\\\/es\\\/booking\\\/#breadcrumb\"},\"inLanguage\":\"es\",\"potentialAction\":[{\"@type\":\"ReadAction\",\"target\":[\"https:\\\/\\\/www.bonairecruisers.com\\\/es\\\/booking\\\/\"]}]},{\"@type\":\"BreadcrumbList\",\"@id\":\"https:\\\/\\\/www.bonairecruisers.com\\\/es\\\/booking\\\/#breadcrumb\",\"itemListElement\":[{\"@type\":\"ListItem\",\"position\":1,\"name\":\"Home\",\"item\":\"https:\\\/\\\/www.bonairecruisers.com\\\/es\\\/\"},{\"@type\":\"ListItem\",\"position\":2,\"name\":\"Booking\"}]},{\"@type\":\"WebSite\",\"@id\":\"https:\\\/\\\/www.bonairecruisers.com\\\/es\\\/#website\",\"url\":\"https:\\\/\\\/www.bonairecruisers.com\\\/es\\\/\",\"name\":\"Bonaire Cruisers - Golf Rental Bonaire\",\"description\":\"The best way to explore Bonaire\",\"publisher\":{\"@id\":\"https:\\\/\\\/www.bonairecruisers.com\\\/es\\\/#organization\"},\"alternateName\":\"Golf Cart Rental Bonaire\",\"potentialAction\":[{\"@type\":\"SearchAction\",\"target\":{\"@type\":\"EntryPoint\",\"urlTemplate\":\"https:\\\/\\\/www.bonairecruisers.com\\\/es\\\/?s={search_term_string}\"},\"query-input\":{\"@type\":\"PropertyValueSpecification\",\"valueRequired\":true,\"valueName\":\"search_term_string\"}}],\"inLanguage\":\"es\"},{\"@type\":\"Organization\",\"@id\":\"https:\\\/\\\/www.bonairecruisers.com\\\/es\\\/#organization\",\"name\":\"Bonaire Cruisers\",\"alternateName\":\"Golf Cart Rental Bonaire\",\"url\":\"https:\\\/\\\/www.bonairecruisers.com\\\/es\\\/\",\"logo\":{\"@type\":\"ImageObject\",\"inLanguage\":\"es\",\"@id\":\"https:\\\/\\\/www.bonairecruisers.com\\\/es\\\/#\\\/schema\\\/logo\\\/image\\\/\",\"url\":\"https:\\\/\\\/www.bonairecruisers.com\\\/wp-content\\\/uploads\\\/2024\\\/12\\\/logo_02_ww_400x1181.png\",\"contentUrl\":\"https:\\\/\\\/www.bonairecruisers.com\\\/wp-content\\\/uploads\\\/2024\\\/12\\\/logo_02_ww_400x1181.png\",\"width\":400,\"height\":118,\"caption\":\"Bonaire Cruisers\"},\"image\":{\"@id\":\"https:\\\/\\\/www.bonairecruisers.com\\\/es\\\/#\\\/schema\\\/logo\\\/image\\\/\"},\"sameAs\":[\"https:\\\/\\\/www.facebook.com\\\/bonairecruisers\",\"https:\\\/\\\/www.instagram.com\\\/bonairecruisers\\\/\"]}]}<\/script>\n<!-- \/ Yoast SEO Premium plugin. -->","yoast_head_json":{"title":"Reservar alquiler de carros de golf | Recogida c\u00f3moda y carros Premium","description":"Reserve su carrito de golf f\u00e1cilmente. Recogida c\u00f3moda cerca del puerto, Yamaha de primera calidad, servicio local con m\u00e1s de 10 a\u00f1os de experiencia.","robots":{"index":"index","follow":"follow","max-snippet":"max-snippet:-1","max-image-preview":"max-image-preview:large","max-video-preview":"max-video-preview:-1"},"canonical":"https:\/\/www.bonairecruisers.com\/es\/booking\/","og_locale":"es_ES","og_type":"article","og_title":"Booking","og_description":"Reserve su carrito de golf f\u00e1cilmente. Recogida c\u00f3moda cerca del puerto, Yamaha de primera calidad, servicio local con m\u00e1s de 10 a\u00f1os de experiencia.","og_url":"https:\/\/www.bonairecruisers.com\/es\/booking\/","og_site_name":"Bonaire Cruisers - Golf Rental Bonaire","article_publisher":"https:\/\/www.facebook.com\/bonairecruisers","article_modified_time":"2025-08-21T17:01:05+00:00","og_image":[{"width":1170,"height":878,"url":"https:\/\/www.bonairecruisers.com\/wp-content\/uploads\/2024\/12\/Golf-Cart-Rental-Bonaire.webp","type":"image\/webp"}],"twitter_card":"summary_large_image","schema":{"@context":"https:\/\/schema.org","@graph":[{"@type":"WebPage","@id":"https:\/\/www.bonairecruisers.com\/es\/booking\/","url":"https:\/\/www.bonairecruisers.com\/es\/booking\/","name":"Reservar alquiler de carros de golf | Recogida c\u00f3moda y carros Premium","isPartOf":{"@id":"https:\/\/www.bonairecruisers.com\/es\/#website"},"datePublished":"2025-05-02T11:15:13+00:00","dateModified":"2025-08-21T17:01:05+00:00","description":"Reserve su carrito de golf f\u00e1cilmente. Recogida c\u00f3moda cerca del puerto, Yamaha de primera calidad, servicio local con m\u00e1s de 10 a\u00f1os de experiencia.","breadcrumb":{"@id":"https:\/\/www.bonairecruisers.com\/es\/booking\/#breadcrumb"},"inLanguage":"es","potentialAction":[{"@type":"ReadAction","target":["https:\/\/www.bonairecruisers.com\/es\/booking\/"]}]},{"@type":"BreadcrumbList","@id":"https:\/\/www.bonairecruisers.com\/es\/booking\/#breadcrumb","itemListElement":[{"@type":"ListItem","position":1,"name":"Home","item":"https:\/\/www.bonairecruisers.com\/es\/"},{"@type":"ListItem","position":2,"name":"Booking"}]},{"@type":"WebSite","@id":"https:\/\/www.bonairecruisers.com\/es\/#website","url":"https:\/\/www.bonairecruisers.com\/es\/","name":"Bonaire Cruisers - Golf Rental Bonaire","description":"The best way to explore Bonaire","publisher":{"@id":"https:\/\/www.bonairecruisers.com\/es\/#organization"},"alternateName":"Golf Cart Rental Bonaire","potentialAction":[{"@type":"SearchAction","target":{"@type":"EntryPoint","urlTemplate":"https:\/\/www.bonairecruisers.com\/es\/?s={search_term_string}"},"query-input":{"@type":"PropertyValueSpecification","valueRequired":true,"valueName":"search_term_string"}}],"inLanguage":"es"},{"@type":"Organization","@id":"https:\/\/www.bonairecruisers.com\/es\/#organization","name":"Bonaire Cruisers","alternateName":"Golf Cart Rental Bonaire","url":"https:\/\/www.bonairecruisers.com\/es\/","logo":{"@type":"ImageObject","inLanguage":"es","@id":"https:\/\/www.bonairecruisers.com\/es\/#\/schema\/logo\/image\/","url":"https:\/\/www.bonairecruisers.com\/wp-content\/uploads\/2024\/12\/logo_02_ww_400x1181.png","contentUrl":"https:\/\/www.bonairecruisers.com\/wp-content\/uploads\/2024\/12\/logo_02_ww_400x1181.png","width":400,"height":118,"caption":"Bonaire Cruisers"},"image":{"@id":"https:\/\/www.bonairecruisers.com\/es\/#\/schema\/logo\/image\/"},"sameAs":["https:\/\/www.facebook.com\/bonairecruisers","https:\/\/www.instagram.com\/bonairecruisers\/"]}]}},"_links":{"self":[{"href":"https:\/\/www.bonairecruisers.com\/es\/wp-json\/wp\/v2\/pages\/2246","targetHints":{"allow":["GET"]}}],"collection":[{"href":"https:\/\/www.bonairecruisers.com\/es\/wp-json\/wp\/v2\/pages"}],"about":[{"href":"https:\/\/www.bonairecruisers.com\/es\/wp-json\/wp\/v2\/types\/page"}],"author":[{"embeddable":true,"href":"https:\/\/www.bonairecruisers.com\/es\/wp-json\/wp\/v2\/users\/1"}],"replies":[{"embeddable":true,"href":"https:\/\/www.bonairecruisers.com\/es\/wp-json\/wp\/v2\/comments?post=2246"}],"version-history":[{"count":1,"href":"https:\/\/www.bonairecruisers.com\/es\/wp-json\/wp\/v2\/pages\/2246\/revisions"}],"predecessor-version":[{"id":2271,"href":"https:\/\/www.bonairecruisers.com\/es\/wp-json\/wp\/v2\/pages\/2246\/revisions\/2271"}],"wp:attachment":[{"href":"https:\/\/www.bonairecruisers.com\/es\/wp-json\/wp\/v2\/media?parent=2246"}],"curies":[{"name":"wp","href":"https:\/\/api.w.org\/{rel}","templated":true}]}}