{"id":2265,"date":"2025-08-17T10:52:49","date_gmt":"2025-08-17T14:52:49","guid":{"rendered":"https:\/\/www.bonairecruisers.com\/new\/haeufig-gestellte-fragen\/"},"modified":"2025-08-17T10:52:49","modified_gmt":"2025-08-17T14:52:49","slug":"haeufig-gestellte-fragen","status":"publish","type":"page","link":"https:\/\/www.bonairecruisers.com\/de\/haeufig-gestellte-fragen\/","title":{"rendered":"H\u00e4ufig gestellte Fragen"},"content":{"rendered":"","protected":false},"excerpt":{"rendered":"","protected":false},"author":1,"featured_media":1091,"parent":0,"menu_order":0,"comment_status":"closed","ping_status":"closed","template":"","meta":{"_jf_save_progress":"","footnotes":""},"class_list":["post-2265","page","type-page","status-publish","has-post-thumbnail","hentry"],"yoast_head":"<!-- This site is optimized with the Yoast SEO Premium plugin v26.8 (Yoast SEO v27.3) - https:\/\/yoast.com\/product\/yoast-seo-premium-wordpress\/ -->\n<title>\u2753Bonus Cruisers FAQ | Mieten, Versicherung &amp; Anforderungen<\/title>\n<meta name=\"description\" content=\"Schnelle Antworten auf die am h\u00e4ufigsten gestellten Fragen: Zulassung, Kaution, Versicherung, Abholung und Lieferung, Kraftstoff, Stornierung, Sch\u00e4den und R\u00fcckgabe \u2705\" \/>\n<meta name=\"robots\" content=\"index, follow, max-snippet:-1, max-image-preview:large, max-video-preview:-1\" \/>\n<link rel=\"canonical\" href=\"https:\/\/www.bonairecruisers.com\/de\/haeufig-gestellte-fragen\/\" \/>\n<meta property=\"og:locale\" content=\"de_DE\" \/>\n<meta property=\"og:type\" content=\"article\" \/>\n<meta property=\"og:title\" content=\"H\u00e4ufig gestellte Fragen\" \/>\n<meta property=\"og:description\" content=\"Schnelle Antworten auf die am h\u00e4ufigsten gestellten Fragen: Zulassung, Kaution, Versicherung, Abholung und Lieferung, Kraftstoff, Stornierung, Sch\u00e4den und R\u00fcckgabe \u2705\" \/>\n<meta property=\"og:url\" content=\"https:\/\/www.bonairecruisers.com\/de\/haeufig-gestellte-fragen\/\" \/>\n<meta property=\"og:site_name\" content=\"Bonaire Cruisers - Golf Rental Bonaire\" \/>\n<meta property=\"article:publisher\" content=\"https:\/\/www.facebook.com\/bonairecruisers\" \/>\n<meta property=\"og:image\" content=\"https:\/\/www.bonairecruisers.com\/stage\/wp-content\/uploads\/DSC6999.jpg\" \/>\n\t<meta property=\"og:image:width\" content=\"1920\" \/>\n\t<meta property=\"og:image:height\" content=\"1275\" \/>\n\t<meta property=\"og:image:type\" content=\"image\/jpeg\" \/>\n<meta name=\"twitter:card\" content=\"summary_large_image\" \/>\n<script type=\"application\/ld+json\" class=\"yoast-schema-graph\">{\"@context\":\"https:\\\/\\\/schema.org\",\"@graph\":[{\"@type\":\"WebPage\",\"@id\":\"https:\\\/\\\/www.bonairecruisers.com\\\/de\\\/haeufig-gestellte-fragen\\\/\",\"url\":\"https:\\\/\\\/www.bonairecruisers.com\\\/de\\\/haeufig-gestellte-fragen\\\/\",\"name\":\"\u2753Bonus Cruisers FAQ | Mieten, Versicherung & Anforderungen\",\"isPartOf\":{\"@id\":\"https:\\\/\\\/www.bonairecruisers.com\\\/de\\\/#website\"},\"primaryImageOfPage\":{\"@id\":\"https:\\\/\\\/www.bonairecruisers.com\\\/de\\\/haeufig-gestellte-fragen\\\/#primaryimage\"},\"image\":{\"@id\":\"https:\\\/\\\/www.bonairecruisers.com\\\/de\\\/haeufig-gestellte-fragen\\\/#primaryimage\"},\"thumbnailUrl\":\"https:\\\/\\\/www.bonairecruisers.com\\\/wp-content\\\/uploads\\\/DSC6999.jpg\",\"datePublished\":\"2025-08-17T14:52:49+00:00\",\"description\":\"Schnelle Antworten auf die am h\u00e4ufigsten gestellten Fragen: Zulassung, Kaution, Versicherung, Abholung und Lieferung, Kraftstoff, Stornierung, Sch\u00e4den und R\u00fcckgabe \u2705\",\"breadcrumb\":{\"@id\":\"https:\\\/\\\/www.bonairecruisers.com\\\/de\\\/haeufig-gestellte-fragen\\\/#breadcrumb\"},\"inLanguage\":\"de\",\"potentialAction\":[{\"@type\":\"ReadAction\",\"target\":[\"https:\\\/\\\/www.bonairecruisers.com\\\/de\\\/haeufig-gestellte-fragen\\\/\"]}]},{\"@type\":\"ImageObject\",\"inLanguage\":\"de\",\"@id\":\"https:\\\/\\\/www.bonairecruisers.com\\\/de\\\/haeufig-gestellte-fragen\\\/#primaryimage\",\"url\":\"https:\\\/\\\/www.bonairecruisers.com\\\/wp-content\\\/uploads\\\/DSC6999.jpg\",\"contentUrl\":\"https:\\\/\\\/www.bonairecruisers.com\\\/wp-content\\\/uploads\\\/DSC6999.jpg\",\"width\":1920,\"height\":1275,\"caption\":\"Frequently Asked Questions - FAQ - Golf Cart Rental Bonaire\"},{\"@type\":\"BreadcrumbList\",\"@id\":\"https:\\\/\\\/www.bonairecruisers.com\\\/de\\\/haeufig-gestellte-fragen\\\/#breadcrumb\",\"itemListElement\":[{\"@type\":\"ListItem\",\"position\":1,\"name\":\"Home\",\"item\":\"https:\\\/\\\/www.bonairecruisers.com\\\/de\\\/\"},{\"@type\":\"ListItem\",\"position\":2,\"name\":\"H\u00e4ufig gestellte Fragen\"}]},{\"@type\":\"WebSite\",\"@id\":\"https:\\\/\\\/www.bonairecruisers.com\\\/de\\\/#website\",\"url\":\"https:\\\/\\\/www.bonairecruisers.com\\\/de\\\/\",\"name\":\"Bonaire Cruisers - Golf Rental Bonaire\",\"description\":\"The best way to explore Bonaire\",\"publisher\":{\"@id\":\"https:\\\/\\\/www.bonairecruisers.com\\\/de\\\/#organization\"},\"alternateName\":\"Golf Cart Rental Bonaire\",\"potentialAction\":[{\"@type\":\"SearchAction\",\"target\":{\"@type\":\"EntryPoint\",\"urlTemplate\":\"https:\\\/\\\/www.bonairecruisers.com\\\/de\\\/?s={search_term_string}\"},\"query-input\":{\"@type\":\"PropertyValueSpecification\",\"valueRequired\":true,\"valueName\":\"search_term_string\"}}],\"inLanguage\":\"de\"},{\"@type\":\"Organization\",\"@id\":\"https:\\\/\\\/www.bonairecruisers.com\\\/de\\\/#organization\",\"name\":\"Bonaire Cruisers\",\"alternateName\":\"Golf Cart Rental Bonaire\",\"url\":\"https:\\\/\\\/www.bonairecruisers.com\\\/de\\\/\",\"logo\":{\"@type\":\"ImageObject\",\"inLanguage\":\"de\",\"@id\":\"https:\\\/\\\/www.bonairecruisers.com\\\/de\\\/#\\\/schema\\\/logo\\\/image\\\/\",\"url\":\"https:\\\/\\\/www.bonairecruisers.com\\\/wp-content\\\/uploads\\\/2024\\\/12\\\/logo_02_ww_400x1181.png\",\"contentUrl\":\"https:\\\/\\\/www.bonairecruisers.com\\\/wp-content\\\/uploads\\\/2024\\\/12\\\/logo_02_ww_400x1181.png\",\"width\":400,\"height\":118,\"caption\":\"Bonaire Cruisers\"},\"image\":{\"@id\":\"https:\\\/\\\/www.bonairecruisers.com\\\/de\\\/#\\\/schema\\\/logo\\\/image\\\/\"},\"sameAs\":[\"https:\\\/\\\/www.facebook.com\\\/bonairecruisers\",\"https:\\\/\\\/www.instagram.com\\\/bonairecruisers\\\/\"]}]}<\/script>\n<!-- \/ Yoast SEO Premium plugin. -->","yoast_head_json":{"title":"\u2753Bonus Cruisers FAQ | Mieten, Versicherung & Anforderungen","description":"Schnelle Antworten auf die am h\u00e4ufigsten gestellten Fragen: Zulassung, Kaution, Versicherung, Abholung und Lieferung, Kraftstoff, Stornierung, Sch\u00e4den und R\u00fcckgabe \u2705","robots":{"index":"index","follow":"follow","max-snippet":"max-snippet:-1","max-image-preview":"max-image-preview:large","max-video-preview":"max-video-preview:-1"},"canonical":"https:\/\/www.bonairecruisers.com\/de\/haeufig-gestellte-fragen\/","og_locale":"de_DE","og_type":"article","og_title":"H\u00e4ufig gestellte Fragen","og_description":"Schnelle Antworten auf die am h\u00e4ufigsten gestellten Fragen: Zulassung, Kaution, Versicherung, Abholung und Lieferung, Kraftstoff, Stornierung, Sch\u00e4den und R\u00fcckgabe \u2705","og_url":"https:\/\/www.bonairecruisers.com\/de\/haeufig-gestellte-fragen\/","og_site_name":"Bonaire Cruisers - Golf Rental Bonaire","article_publisher":"https:\/\/www.facebook.com\/bonairecruisers","og_image":[{"width":1920,"height":1275,"url":"https:\/\/www.bonairecruisers.com\/stage\/wp-content\/uploads\/DSC6999.jpg","type":"image\/jpeg"}],"twitter_card":"summary_large_image","schema":{"@context":"https:\/\/schema.org","@graph":[{"@type":"WebPage","@id":"https:\/\/www.bonairecruisers.com\/de\/haeufig-gestellte-fragen\/","url":"https:\/\/www.bonairecruisers.com\/de\/haeufig-gestellte-fragen\/","name":"\u2753Bonus Cruisers FAQ | Mieten, Versicherung & Anforderungen","isPartOf":{"@id":"https:\/\/www.bonairecruisers.com\/de\/#website"},"primaryImageOfPage":{"@id":"https:\/\/www.bonairecruisers.com\/de\/haeufig-gestellte-fragen\/#primaryimage"},"image":{"@id":"https:\/\/www.bonairecruisers.com\/de\/haeufig-gestellte-fragen\/#primaryimage"},"thumbnailUrl":"https:\/\/www.bonairecruisers.com\/wp-content\/uploads\/DSC6999.jpg","datePublished":"2025-08-17T14:52:49+00:00","description":"Schnelle Antworten auf die am h\u00e4ufigsten gestellten Fragen: Zulassung, Kaution, Versicherung, Abholung und Lieferung, Kraftstoff, Stornierung, Sch\u00e4den und R\u00fcckgabe \u2705","breadcrumb":{"@id":"https:\/\/www.bonairecruisers.com\/de\/haeufig-gestellte-fragen\/#breadcrumb"},"inLanguage":"de","potentialAction":[{"@type":"ReadAction","target":["https:\/\/www.bonairecruisers.com\/de\/haeufig-gestellte-fragen\/"]}]},{"@type":"ImageObject","inLanguage":"de","@id":"https:\/\/www.bonairecruisers.com\/de\/haeufig-gestellte-fragen\/#primaryimage","url":"https:\/\/www.bonairecruisers.com\/wp-content\/uploads\/DSC6999.jpg","contentUrl":"https:\/\/www.bonairecruisers.com\/wp-content\/uploads\/DSC6999.jpg","width":1920,"height":1275,"caption":"Frequently Asked Questions - FAQ - Golf Cart Rental Bonaire"},{"@type":"BreadcrumbList","@id":"https:\/\/www.bonairecruisers.com\/de\/haeufig-gestellte-fragen\/#breadcrumb","itemListElement":[{"@type":"ListItem","position":1,"name":"Home","item":"https:\/\/www.bonairecruisers.com\/de\/"},{"@type":"ListItem","position":2,"name":"H\u00e4ufig gestellte Fragen"}]},{"@type":"WebSite","@id":"https:\/\/www.bonairecruisers.com\/de\/#website","url":"https:\/\/www.bonairecruisers.com\/de\/","name":"Bonaire Cruisers - Golf Rental Bonaire","description":"The best way to explore Bonaire","publisher":{"@id":"https:\/\/www.bonairecruisers.com\/de\/#organization"},"alternateName":"Golf Cart Rental Bonaire","potentialAction":[{"@type":"SearchAction","target":{"@type":"EntryPoint","urlTemplate":"https:\/\/www.bonairecruisers.com\/de\/?s={search_term_string}"},"query-input":{"@type":"PropertyValueSpecification","valueRequired":true,"valueName":"search_term_string"}}],"inLanguage":"de"},{"@type":"Organization","@id":"https:\/\/www.bonairecruisers.com\/de\/#organization","name":"Bonaire Cruisers","alternateName":"Golf Cart Rental Bonaire","url":"https:\/\/www.bonairecruisers.com\/de\/","logo":{"@type":"ImageObject","inLanguage":"de","@id":"https:\/\/www.bonairecruisers.com\/de\/#\/schema\/logo\/image\/","url":"https:\/\/www.bonairecruisers.com\/wp-content\/uploads\/2024\/12\/logo_02_ww_400x1181.png","contentUrl":"https:\/\/www.bonairecruisers.com\/wp-content\/uploads\/2024\/12\/logo_02_ww_400x1181.png","width":400,"height":118,"caption":"Bonaire Cruisers"},"image":{"@id":"https:\/\/www.bonairecruisers.com\/de\/#\/schema\/logo\/image\/"},"sameAs":["https:\/\/www.facebook.com\/bonairecruisers","https:\/\/www.instagram.com\/bonairecruisers\/"]}]}},"_links":{"self":[{"href":"https:\/\/www.bonairecruisers.com\/de\/wp-json\/wp\/v2\/pages\/2265","targetHints":{"allow":["GET"]}}],"collection":[{"href":"https:\/\/www.bonairecruisers.com\/de\/wp-json\/wp\/v2\/pages"}],"about":[{"href":"https:\/\/www.bonairecruisers.com\/de\/wp-json\/wp\/v2\/types\/page"}],"author":[{"embeddable":true,"href":"https:\/\/www.bonairecruisers.com\/de\/wp-json\/wp\/v2\/users\/1"}],"replies":[{"embeddable":true,"href":"https:\/\/www.bonairecruisers.com\/de\/wp-json\/wp\/v2\/comments?post=2265"}],"version-history":[{"count":0,"href":"https:\/\/www.bonairecruisers.com\/de\/wp-json\/wp\/v2\/pages\/2265\/revisions"}],"wp:featuredmedia":[{"embeddable":true,"href":"https:\/\/www.bonairecruisers.com\/de\/wp-json\/wp\/v2\/media\/1091"}],"wp:attachment":[{"href":"https:\/\/www.bonairecruisers.com\/de\/wp-json\/wp\/v2\/media?parent=2265"}],"curies":[{"name":"wp","href":"https:\/\/api.w.org\/{rel}","templated":true}]}}