{"id":2227,"date":"2024-12-10T23:57:48","date_gmt":"2024-12-11T03:57:48","guid":{"rendered":"https:\/\/www.bonairecruisers.com\/new\/ueber-uns\/"},"modified":"2025-08-21T12:55:11","modified_gmt":"2025-08-21T16:55:11","slug":"ueber-uns","status":"publish","type":"page","link":"https:\/\/www.bonairecruisers.com\/de\/ueber-uns\/","title":{"rendered":"\u00dcber uns"},"content":{"rendered":"","protected":false},"excerpt":{"rendered":"","protected":false},"author":1,"featured_media":957,"parent":0,"menu_order":100,"comment_status":"closed","ping_status":"closed","template":"","meta":{"_jf_save_progress":"","footnotes":""},"class_list":["post-2227","page","type-page","status-publish","has-post-thumbnail","hentry"],"yoast_head":"<!-- This site is optimized with the Yoast SEO Premium plugin v26.8 (Yoast SEO v27.3) - https:\/\/yoast.com\/product\/yoast-seo-premium-wordpress\/ -->\n<title>\u00dcber Bonaire Cruisers | Lokale Golfwagenvermietung &amp; Exzellenz<\/title>\n<meta name=\"description\" content=\"Entdecken Sie Bonaire Cruisers: eine vertrauensw\u00fcrdige, lokal ans\u00e4ssige Golfwagenvermietung mit erstklassigen Wagen, freundlichem Service &amp; freundlicher Erkundung.\" \/>\n<meta name=\"robots\" content=\"index, follow, max-snippet:-1, max-image-preview:large, max-video-preview:-1\" \/>\n<link rel=\"canonical\" href=\"https:\/\/www.bonairecruisers.com\/de\/ueber-uns\/\" \/>\n<meta property=\"og:locale\" content=\"de_DE\" \/>\n<meta property=\"og:type\" content=\"article\" \/>\n<meta property=\"og:title\" content=\"\u00dcber uns\" \/>\n<meta property=\"og:description\" content=\"Entdecken Sie Bonaire Cruisers: eine vertrauensw\u00fcrdige, lokal ans\u00e4ssige Golfwagenvermietung mit erstklassigen Wagen, freundlichem Service &amp; freundlicher Erkundung.\" \/>\n<meta property=\"og:url\" content=\"https:\/\/www.bonairecruisers.com\/de\/ueber-uns\/\" \/>\n<meta property=\"og:site_name\" content=\"Bonaire Cruisers - Golf Rental Bonaire\" \/>\n<meta property=\"article:publisher\" content=\"https:\/\/www.facebook.com\/bonairecruisers\" \/>\n<meta property=\"article:modified_time\" content=\"2025-08-21T16:55:11+00:00\" \/>\n<meta property=\"og:image\" content=\"https:\/\/www.bonairecruisers.com\/stage\/wp-content\/uploads\/IMG_2933-2.jpg\" \/>\n\t<meta property=\"og:image:width\" content=\"1920\" \/>\n\t<meta property=\"og:image:height\" content=\"1280\" \/>\n\t<meta property=\"og:image:type\" content=\"image\/jpeg\" \/>\n<meta name=\"twitter:card\" content=\"summary_large_image\" \/>\n<script type=\"application\/ld+json\" class=\"yoast-schema-graph\">{\"@context\":\"https:\\\/\\\/schema.org\",\"@graph\":[{\"@type\":\"WebPage\",\"@id\":\"https:\\\/\\\/www.bonairecruisers.com\\\/de\\\/ueber-uns\\\/\",\"url\":\"https:\\\/\\\/www.bonairecruisers.com\\\/de\\\/ueber-uns\\\/\",\"name\":\"\u00dcber Bonaire Cruisers | Lokale Golfwagenvermietung & Exzellenz\",\"isPartOf\":{\"@id\":\"https:\\\/\\\/www.bonairecruisers.com\\\/de\\\/#website\"},\"primaryImageOfPage\":{\"@id\":\"https:\\\/\\\/www.bonairecruisers.com\\\/de\\\/ueber-uns\\\/#primaryimage\"},\"image\":{\"@id\":\"https:\\\/\\\/www.bonairecruisers.com\\\/de\\\/ueber-uns\\\/#primaryimage\"},\"thumbnailUrl\":\"https:\\\/\\\/www.bonairecruisers.com\\\/wp-content\\\/uploads\\\/IMG_2933-2.jpg\",\"datePublished\":\"2024-12-11T03:57:48+00:00\",\"dateModified\":\"2025-08-21T16:55:11+00:00\",\"description\":\"Entdecken Sie Bonaire Cruisers: eine vertrauensw\u00fcrdige, lokal ans\u00e4ssige Golfwagenvermietung mit erstklassigen Wagen, freundlichem Service & freundlicher Erkundung.\",\"breadcrumb\":{\"@id\":\"https:\\\/\\\/www.bonairecruisers.com\\\/de\\\/ueber-uns\\\/#breadcrumb\"},\"inLanguage\":\"de\",\"potentialAction\":[{\"@type\":\"ReadAction\",\"target\":[\"https:\\\/\\\/www.bonairecruisers.com\\\/de\\\/ueber-uns\\\/\"]}]},{\"@type\":\"ImageObject\",\"inLanguage\":\"de\",\"@id\":\"https:\\\/\\\/www.bonairecruisers.com\\\/de\\\/ueber-uns\\\/#primaryimage\",\"url\":\"https:\\\/\\\/www.bonairecruisers.com\\\/wp-content\\\/uploads\\\/IMG_2933-2.jpg\",\"contentUrl\":\"https:\\\/\\\/www.bonairecruisers.com\\\/wp-content\\\/uploads\\\/IMG_2933-2.jpg\",\"width\":1920,\"height\":1280},{\"@type\":\"BreadcrumbList\",\"@id\":\"https:\\\/\\\/www.bonairecruisers.com\\\/de\\\/ueber-uns\\\/#breadcrumb\",\"itemListElement\":[{\"@type\":\"ListItem\",\"position\":1,\"name\":\"Home\",\"item\":\"https:\\\/\\\/www.bonairecruisers.com\\\/de\\\/\"},{\"@type\":\"ListItem\",\"position\":2,\"name\":\"\u00dcber uns\"}]},{\"@type\":\"WebSite\",\"@id\":\"https:\\\/\\\/www.bonairecruisers.com\\\/de\\\/#website\",\"url\":\"https:\\\/\\\/www.bonairecruisers.com\\\/de\\\/\",\"name\":\"Bonaire Cruisers - Golf Rental Bonaire\",\"description\":\"The best way to explore Bonaire\",\"publisher\":{\"@id\":\"https:\\\/\\\/www.bonairecruisers.com\\\/de\\\/#organization\"},\"alternateName\":\"Golf Cart Rental Bonaire\",\"potentialAction\":[{\"@type\":\"SearchAction\",\"target\":{\"@type\":\"EntryPoint\",\"urlTemplate\":\"https:\\\/\\\/www.bonairecruisers.com\\\/de\\\/?s={search_term_string}\"},\"query-input\":{\"@type\":\"PropertyValueSpecification\",\"valueRequired\":true,\"valueName\":\"search_term_string\"}}],\"inLanguage\":\"de\"},{\"@type\":\"Organization\",\"@id\":\"https:\\\/\\\/www.bonairecruisers.com\\\/de\\\/#organization\",\"name\":\"Bonaire Cruisers\",\"alternateName\":\"Golf Cart Rental Bonaire\",\"url\":\"https:\\\/\\\/www.bonairecruisers.com\\\/de\\\/\",\"logo\":{\"@type\":\"ImageObject\",\"inLanguage\":\"de\",\"@id\":\"https:\\\/\\\/www.bonairecruisers.com\\\/de\\\/#\\\/schema\\\/logo\\\/image\\\/\",\"url\":\"https:\\\/\\\/www.bonairecruisers.com\\\/wp-content\\\/uploads\\\/2024\\\/12\\\/logo_02_ww_400x1181.png\",\"contentUrl\":\"https:\\\/\\\/www.bonairecruisers.com\\\/wp-content\\\/uploads\\\/2024\\\/12\\\/logo_02_ww_400x1181.png\",\"width\":400,\"height\":118,\"caption\":\"Bonaire Cruisers\"},\"image\":{\"@id\":\"https:\\\/\\\/www.bonairecruisers.com\\\/de\\\/#\\\/schema\\\/logo\\\/image\\\/\"},\"sameAs\":[\"https:\\\/\\\/www.facebook.com\\\/bonairecruisers\",\"https:\\\/\\\/www.instagram.com\\\/bonairecruisers\\\/\"]}]}<\/script>\n<!-- \/ Yoast SEO Premium plugin. -->","yoast_head_json":{"title":"\u00dcber Bonaire Cruisers | Lokale Golfwagenvermietung & Exzellenz","description":"Entdecken Sie Bonaire Cruisers: eine vertrauensw\u00fcrdige, lokal ans\u00e4ssige Golfwagenvermietung mit erstklassigen Wagen, freundlichem Service & freundlicher Erkundung.","robots":{"index":"index","follow":"follow","max-snippet":"max-snippet:-1","max-image-preview":"max-image-preview:large","max-video-preview":"max-video-preview:-1"},"canonical":"https:\/\/www.bonairecruisers.com\/de\/ueber-uns\/","og_locale":"de_DE","og_type":"article","og_title":"\u00dcber uns","og_description":"Entdecken Sie Bonaire Cruisers: eine vertrauensw\u00fcrdige, lokal ans\u00e4ssige Golfwagenvermietung mit erstklassigen Wagen, freundlichem Service & freundlicher Erkundung.","og_url":"https:\/\/www.bonairecruisers.com\/de\/ueber-uns\/","og_site_name":"Bonaire Cruisers - Golf Rental Bonaire","article_publisher":"https:\/\/www.facebook.com\/bonairecruisers","article_modified_time":"2025-08-21T16:55:11+00:00","og_image":[{"width":1920,"height":1280,"url":"https:\/\/www.bonairecruisers.com\/stage\/wp-content\/uploads\/IMG_2933-2.jpg","type":"image\/jpeg"}],"twitter_card":"summary_large_image","schema":{"@context":"https:\/\/schema.org","@graph":[{"@type":"WebPage","@id":"https:\/\/www.bonairecruisers.com\/de\/ueber-uns\/","url":"https:\/\/www.bonairecruisers.com\/de\/ueber-uns\/","name":"\u00dcber Bonaire Cruisers | Lokale Golfwagenvermietung & Exzellenz","isPartOf":{"@id":"https:\/\/www.bonairecruisers.com\/de\/#website"},"primaryImageOfPage":{"@id":"https:\/\/www.bonairecruisers.com\/de\/ueber-uns\/#primaryimage"},"image":{"@id":"https:\/\/www.bonairecruisers.com\/de\/ueber-uns\/#primaryimage"},"thumbnailUrl":"https:\/\/www.bonairecruisers.com\/wp-content\/uploads\/IMG_2933-2.jpg","datePublished":"2024-12-11T03:57:48+00:00","dateModified":"2025-08-21T16:55:11+00:00","description":"Entdecken Sie Bonaire Cruisers: eine vertrauensw\u00fcrdige, lokal ans\u00e4ssige Golfwagenvermietung mit erstklassigen Wagen, freundlichem Service & freundlicher Erkundung.","breadcrumb":{"@id":"https:\/\/www.bonairecruisers.com\/de\/ueber-uns\/#breadcrumb"},"inLanguage":"de","potentialAction":[{"@type":"ReadAction","target":["https:\/\/www.bonairecruisers.com\/de\/ueber-uns\/"]}]},{"@type":"ImageObject","inLanguage":"de","@id":"https:\/\/www.bonairecruisers.com\/de\/ueber-uns\/#primaryimage","url":"https:\/\/www.bonairecruisers.com\/wp-content\/uploads\/IMG_2933-2.jpg","contentUrl":"https:\/\/www.bonairecruisers.com\/wp-content\/uploads\/IMG_2933-2.jpg","width":1920,"height":1280},{"@type":"BreadcrumbList","@id":"https:\/\/www.bonairecruisers.com\/de\/ueber-uns\/#breadcrumb","itemListElement":[{"@type":"ListItem","position":1,"name":"Home","item":"https:\/\/www.bonairecruisers.com\/de\/"},{"@type":"ListItem","position":2,"name":"\u00dcber uns"}]},{"@type":"WebSite","@id":"https:\/\/www.bonairecruisers.com\/de\/#website","url":"https:\/\/www.bonairecruisers.com\/de\/","name":"Bonaire Cruisers - Golf Rental Bonaire","description":"The best way to explore Bonaire","publisher":{"@id":"https:\/\/www.bonairecruisers.com\/de\/#organization"},"alternateName":"Golf Cart Rental Bonaire","potentialAction":[{"@type":"SearchAction","target":{"@type":"EntryPoint","urlTemplate":"https:\/\/www.bonairecruisers.com\/de\/?s={search_term_string}"},"query-input":{"@type":"PropertyValueSpecification","valueRequired":true,"valueName":"search_term_string"}}],"inLanguage":"de"},{"@type":"Organization","@id":"https:\/\/www.bonairecruisers.com\/de\/#organization","name":"Bonaire Cruisers","alternateName":"Golf Cart Rental Bonaire","url":"https:\/\/www.bonairecruisers.com\/de\/","logo":{"@type":"ImageObject","inLanguage":"de","@id":"https:\/\/www.bonairecruisers.com\/de\/#\/schema\/logo\/image\/","url":"https:\/\/www.bonairecruisers.com\/wp-content\/uploads\/2024\/12\/logo_02_ww_400x1181.png","contentUrl":"https:\/\/www.bonairecruisers.com\/wp-content\/uploads\/2024\/12\/logo_02_ww_400x1181.png","width":400,"height":118,"caption":"Bonaire Cruisers"},"image":{"@id":"https:\/\/www.bonairecruisers.com\/de\/#\/schema\/logo\/image\/"},"sameAs":["https:\/\/www.facebook.com\/bonairecruisers","https:\/\/www.instagram.com\/bonairecruisers\/"]}]}},"_links":{"self":[{"href":"https:\/\/www.bonairecruisers.com\/de\/wp-json\/wp\/v2\/pages\/2227","targetHints":{"allow":["GET"]}}],"collection":[{"href":"https:\/\/www.bonairecruisers.com\/de\/wp-json\/wp\/v2\/pages"}],"about":[{"href":"https:\/\/www.bonairecruisers.com\/de\/wp-json\/wp\/v2\/types\/page"}],"author":[{"embeddable":true,"href":"https:\/\/www.bonairecruisers.com\/de\/wp-json\/wp\/v2\/users\/1"}],"replies":[{"embeddable":true,"href":"https:\/\/www.bonairecruisers.com\/de\/wp-json\/wp\/v2\/comments?post=2227"}],"version-history":[{"count":1,"href":"https:\/\/www.bonairecruisers.com\/de\/wp-json\/wp\/v2\/pages\/2227\/revisions"}],"predecessor-version":[{"id":2268,"href":"https:\/\/www.bonairecruisers.com\/de\/wp-json\/wp\/v2\/pages\/2227\/revisions\/2268"}],"wp:featuredmedia":[{"embeddable":true,"href":"https:\/\/www.bonairecruisers.com\/de\/wp-json\/wp\/v2\/media\/957"}],"wp:attachment":[{"href":"https:\/\/www.bonairecruisers.com\/de\/wp-json\/wp\/v2\/media?parent=2227"}],"curies":[{"name":"wp","href":"https:\/\/api.w.org\/{rel}","templated":true}]}}